{"id":664,"date":"2015-08-17T16:17:07","date_gmt":"2015-08-17T16:17:07","guid":{"rendered":"http:\/\/cancunshuttle.travel\/?page_id=664"},"modified":"2020-02-06T15:49:12","modified_gmt":"2020-02-06T15:49:12","slug":"privada","status":"publish","type":"page","link":"https:\/\/cancunshuttle.travel\/es\/privada\/","title":{"rendered":"Van Privada"},"content":{"rendered":"<div class=\"fw-page-builder-content\"><section  id=\"section-69ef463a2252a\" class=\"fw-main-row   auto \"  style=\"  \"  >\r\n    <div >\r\n        <div class=\"fw-container sections\">\r\n            <div class=\"fw-row\">\n\t\r\n\r\n<div id=\"column-69ef463a22769\" class=\" fw-col-sm-6       wow fadeInUp animated\" data-wow-offset=\"120\" data-wow-duration=\"1.5s\" style=\"  \">\r\n        <div class=\"fw-main-row\">\r\n        <div class=\"fw-col-inner\" >\r\n            <h2 class=\"p1\"><span class=\"s1\">\u00bfEn que consiste el servicio<\/span><span class=\"s1\">\u00a0de Van Privada\u00a0de Cancun shuttle?<\/span><\/h2><p>Cancunshuttle.travel cuenta con la autorizaci\u00f3n de traslado por parte del aeropuerto, somos un proveedor autorizado de transporte desde y hasta el aeropuerto de Canc\u00fan. El servicio en van privada es la opci\u00f3n de<strong>\u00a0transportaci\u00f3n terrestre\u00a0m\u00e1s solicitada<\/strong>\u00a0por\u00a0los pasajeros del Aeropuerto de Canc\u00fan. Casi el 80% de los hu\u00e9spedes que se alojan aqu\u00ed han reservado este servicio gracias a su privacidad, seguridad y comodidad.<\/p><p>Este servicio es uno de los mejores que hay para <strong>grupos grandes, familias de gran tama\u00f1o y amigos<\/strong>. Viaja con toda la comidad y seguridad que necesitas acompa\u00f1ado de todos sus seres queridos y su equipaje.<\/p><p>La Van Privada tiene <strong>capacidad de hasta 10 personas en la camioneta con\u00a0A \/ C<\/strong>, es un veh\u00edculo espacioso para pasajeros y equipaje, el conductor es profesional y biling\u00fce, cuenta con una 1 silla de coche para beb\u00e9 est\u00e1 incluida (a petici\u00f3n).<\/p>        <\/div>\r\n    <\/div>\r\n\r\n\r\n<\/div>\r\n\r\n<div id=\"column-69ef463a228c2\" class=\" fw-col-sm-6       wow fadeInUp animated\" data-wow-offset=\"120\" data-wow-duration=\"1.5s\" style=\"  \">\r\n        <div class=\"fw-main-row\">\r\n        <div class=\"fw-col-inner\" >\r\n            <div class=\"fw-single-image \" >\r\n\t\t    <img src=\"\/\/cancunshuttle.travel\/wp-content\/uploads\/2015\/08\/private-van-cancun-transportation.png\" class=\"img-responsive\" alt=\"\"  \/>\r\n\t<\/div><div class=\"fw-divider-space space-md\"  ><\/div>\r\n\r\n\r\n\t<div class=\"text-center\"><a href=\"http:\/\/cancunshuttle.travel\/es\/\" target=\"_self\"  class=\"btn btn-default\" title=\"\u00a1Reserva ya!\">\r\n\t\t \u00a1Reserva ya!\t<\/a>\r\n\t<\/div>        <\/div>\r\n    <\/div>\r\n\r\n\r\n<\/div><\/div>\n\n<div class=\"fw-row\">\n\t\r\n\r\n<div id=\"column-69ef463a22b81\" class=\" fw-col-sm-12       wow fadeInUp animated\" data-wow-offset=\"120\" data-wow-duration=\"1.5s\" style=\"  \">\r\n        <div class=\"fw-main-row\">\r\n        <div class=\"fw-col-inner\" >\r\n            <h2>\u00bfPor qu\u00e9 elegir el servicio Van Privada\u00a0de Cancun shuttle?<\/h2><p>El\u00a0<strong>precio de este servicio es por veh\u00edculo<\/strong>\u00a0y en la contrataci\u00f3n obtendr\u00e1 hasta $75 USD de cr\u00e9dito para tours y excursiones en Canc\u00fan y los alrededores.<\/p><p>Reserve su transportaci\u00f3n desde la comodidad de su hogar o dispositivo m\u00f3vil para que lo estemos esperando apenas baje del avi\u00f3n, listos para llevarlo a usted y a sus acompa\u00f1antes a su destino paradisiaco en Canc\u00fan o la Riviera Maya.<\/p><p><strong>Incluye todos los impuestos y tasas del aeropuerto<\/strong>, agua a bordo, rastreo del vuelo (s\u00f3lo a la llegada), una amable bienvenida en el aeropuerto con cartel personalizado y el mejor servicio de puerta a puerta en Canc\u00fan y Riviera Maya en un veh\u00edculo totalmente privado.<\/p><p>\u00a1Comience sus vacaciones sin preocuparse por nada!<\/p>        <\/div>\r\n    <\/div>\r\n\r\n\r\n<\/div><\/div>\n\n<div class=\"fw-row\">\n\t\r\n\r\n<div id=\"column-69ef463a22ca0\" class=\" fw-col-sm-3       wow fadeInUp animated\" data-wow-offset=\"120\" data-wow-duration=\"1.5s\" style=\"  \">\r\n        <div class=\"fw-main-row\">\r\n        <div class=\"fw-col-inner\" >\r\n            <p><span class=\"btn btn-gray\">Seguro de Cobertura Amplia<\/span><\/p>        <\/div>\r\n    <\/div>\r\n\r\n\r\n<\/div>\r\n\r\n<div id=\"column-69ef463a22d1e\" class=\" fw-col-sm-3       wow fadeInUp animated\" data-wow-offset=\"120\" data-wow-duration=\"1.5s\" style=\"  \">\r\n        <div class=\"fw-main-row\">\r\n        <div class=\"fw-col-inner\" style=\"padding: 0px 0px 0px 80px;\">\r\n            <p><span class=\"btn btn-default\">Servicio 24\/7<br \/><\/span><\/p>        <\/div>\r\n    <\/div>\r\n\r\n\r\n<\/div>\r\n\r\n<div id=\"column-69ef463a22d93\" class=\" fw-col-sm-3       wow fadeInUp animated\" data-wow-offset=\"120\" data-wow-duration=\"1.5s\" style=\"  \">\r\n        <div class=\"fw-main-row\">\r\n        <div class=\"fw-col-inner\" >\r\n            <p><span class=\"btn btn-gray\">Hasta $75 usd de cr\u00e9dito<\/span><\/p>        <\/div>\r\n    <\/div>\r\n\r\n\r\n<\/div>\r\n\r\n<div id=\"column-69ef463a22dfc\" class=\" fw-col-sm-3       wow fadeInUp animated\" data-wow-offset=\"120\" data-wow-duration=\"1.5s\" style=\"  \">\r\n        <div class=\"fw-main-row\">\r\n        <div class=\"fw-col-inner\" style=\"padding: 0px 0px 0px 35px;\">\r\n            <p><span class=\"btn btn-default\">Hasta 10 personas<\/span><\/p>        <\/div>\r\n    <\/div>\r\n\r\n\r\n<\/div><\/div>\n\n        <\/div>\r\n    <\/div>\r\n<\/section>\r\n<\/div>\n","protected":false},"excerpt":{"rendered":"","protected":false},"author":4,"featured_media":667,"parent":0,"menu_order":0,"comment_status":"open","ping_status":"open","template":"template-full-width.php","meta":[],"_links":{"self":[{"href":"https:\/\/cancunshuttle.travel\/es\/wp-json\/wp\/v2\/pages\/664"}],"collection":[{"href":"https:\/\/cancunshuttle.travel\/es\/wp-json\/wp\/v2\/pages"}],"about":[{"href":"https:\/\/cancunshuttle.travel\/es\/wp-json\/wp\/v2\/types\/page"}],"author":[{"embeddable":true,"href":"https:\/\/cancunshuttle.travel\/es\/wp-json\/wp\/v2\/users\/4"}],"replies":[{"embeddable":true,"href":"https:\/\/cancunshuttle.travel\/es\/wp-json\/wp\/v2\/comments?post=664"}],"version-history":[{"count":0,"href":"https:\/\/cancunshuttle.travel\/es\/wp-json\/wp\/v2\/pages\/664\/revisions"}],"wp:featuredmedia":[{"embeddable":true,"href":"https:\/\/cancunshuttle.travel\/es\/wp-json\/wp\/v2\/media\/667"}],"wp:attachment":[{"href":"https:\/\/cancunshuttle.travel\/es\/wp-json\/wp\/v2\/media?parent=664"}],"curies":[{"name":"wp","href":"https:\/\/api.w.org\/{rel}","templated":true}]}}