{"id":638,"date":"2015-08-17T15:45:28","date_gmt":"2015-08-17T15:45:28","guid":{"rendered":"http:\/\/cancunshuttle.travel\/?page_id=638"},"modified":"2020-02-06T15:22:09","modified_gmt":"2020-02-06T15:22:09","slug":"servicio-compartido","status":"publish","type":"page","link":"https:\/\/cancunshuttle.travel\/es\/servicio-compartido\/","title":{"rendered":"Servicio Compartido"},"content":{"rendered":"<div class=\"fw-page-builder-content\"><section  id=\"section-69f5b6067d423\" class=\"fw-main-row   auto \"  style=\"  \"  >\r\n    <div >\r\n        <div class=\"fw-container sections\">\r\n            <div class=\"fw-row\">\n\t\r\n\r\n<div id=\"column-69f5b6067d5ee\" class=\" fw-col-sm-6       wow fadeInUp animated\" data-wow-offset=\"120\" data-wow-duration=\"1.5s\" style=\"  \">\r\n        <div class=\"fw-main-row\">\r\n        <div class=\"fw-col-inner\" >\r\n            <h2 class=\"p1\"><span class=\"s1\">\u00bfEn que consiste el servicio<\/span><span class=\"s1\"> de transporte compartido de Cancun shuttle? <\/span><\/h2><p>Este es el servicio de transporte dedicado\u00a0a\u00a0los pasajeros que llegan al Aeropuerto de Canc\u00fan. Contamos con un servicio directo desde y hacia los principales hoteles y puertos en Canc\u00fan y la Riviera Maya. Nuestro servicio es f\u00e1cil de reservar, muy c\u00f3modo y econ\u00f3mico que llega hasta el Aeropuerto Internacional de Canc\u00fan y se encuentra disponible todos los d\u00edas de las 8:00 a.m y hasta las 20:00 horas.<\/p><p>Los espacios son limitados,\u00a0as\u00ed que es <strong>necesario hacer reservaciones<\/strong>\u00a0para un servicio m\u00e1s r\u00e1pido.<\/p><p>Los precios son por persona (incluidos ni\u00f1os y beb\u00e9s) e\u00a0<strong>incluyen todos los impuestos\u00a0y tasas del aeropuerto<\/strong>, el servicio es de puerta a puerta en Canc\u00fan y Riviera Maya y un\u00a0<strong>conductor profesional biling\u00fce<\/strong> lo llevar\u00e1 con seguridad a su hotel o destino.<\/p>        <\/div>\r\n    <\/div>\r\n\r\n\r\n<\/div>\r\n\r\n<div id=\"column-69f5b6067d6bd\" class=\" fw-col-sm-6       wow fadeInUp animated\" data-wow-offset=\"120\" data-wow-duration=\"1.5s\" style=\"  \">\r\n        <div class=\"fw-main-row\">\r\n        <div class=\"fw-col-inner\" >\r\n            <div class=\"fw-single-image \" >\r\n\t\t    <img src=\"\/\/cancunshuttle.travel\/wp-content\/uploads\/2015\/08\/airport-shared-shuttle.png\" class=\"img-responsive\" alt=\"\"  \/>\r\n\t<\/div><div class=\"fw-divider-space space-md\"  ><\/div>\r\n\r\n\r\n\t<div class=\"text-center\"><a href=\"https:\/\/cancunshuttle.travel\/es\/\" target=\"_self\"  class=\"btn btn-default\" title=\"\u00a1Reserva ya!\">\r\n\t\t \u00a1Reserva ya!\t<\/a>\r\n\t<\/div>        <\/div>\r\n    <\/div>\r\n\r\n\r\n<\/div><\/div>\n\n<div class=\"fw-row\">\n\t\r\n\r\n<div id=\"column-69f5b6067dc13\" class=\" fw-col-sm-12       wow fadeInUp animated\" data-wow-offset=\"120\" data-wow-duration=\"1.5s\" style=\"  \">\r\n        <div class=\"fw-main-row\">\r\n        <div class=\"fw-col-inner\" >\r\n            <h2>\u00bfPor qu\u00e9 elegir el servicio de transporte compartido de Cancun shuttle?<\/h2><p>El servicio de transportaci\u00f3n compartido es una <strong>muy buena opci\u00f3n para viajeros que vienen en pareja o aquellos que les gusta viajar solos<\/strong>, pues se comparte el transporte con otros usuarios y as\u00ed se minimizan los gastos sin perder la comodidad y seguridad.<\/p><p>Disfrute de un trayecto c\u00f3modo hacia su destino y comience a vivir la vida en el para\u00edso desde que baje del avi\u00f3n en el aeropuerto en Canc\u00fan.<\/p><p>Este servicio de\u00a0<strong>transporte compartido<\/strong>\u00a0incluye todas las comodidades como son A\/C, una c\u00e1lida bienvenida en el aeropuerto y con m\u00faltiples paradas (el primero en llegar ser\u00e1 el primero en ser atendido).<\/p><p>No hay asiento de seguridad disponibles para los ni\u00f1os, pero se puede obtener\u00a0<strong>hasta $75 usd en cr\u00e9dito<\/strong>\u00a0para paseos y excursiones en la zona.<\/p><p>Nuestro servicio es mucho m\u00e1s conveniente y pr\u00e1ctico que ir paseando con las maletas por el transporte p\u00fablico. A su vez, representa un precio mucho m\u00e1s accesible que el servicio de taxi y ofrece una seguridad y comodidad, es sin duda una excelente opci\u00f3n.<\/p>        <\/div>\r\n    <\/div>\r\n\r\n\r\n<\/div><\/div>\n\n<div class=\"fw-row\">\n\t\r\n\r\n<div id=\"column-69f5b6067dd7b\" class=\" fw-col-sm-3       wow fadeInUp animated\" data-wow-offset=\"120\" data-wow-duration=\"1.5s\" style=\"  \">\r\n        <div class=\"fw-main-row\">\r\n        <div class=\"fw-col-inner\" >\r\n            <p><span class=\"btn btn-gray\">Seguro de Cobertura Amplia<\/span><\/p>        <\/div>\r\n    <\/div>\r\n\r\n\r\n<\/div>\r\n\r\n<div id=\"column-69f5b6067de10\" class=\" fw-col-sm-3       wow fadeInUp animated\" data-wow-offset=\"120\" data-wow-duration=\"1.5s\" style=\"  \">\r\n        <div class=\"fw-main-row\">\r\n        <div class=\"fw-col-inner\" style=\"padding: 0px 0px 0px 60px;\">\r\n            <p><span class=\"btn btn-default\">Servicio  de 8am a 8pm<\/span><\/p>        <\/div>\r\n    <\/div>\r\n\r\n\r\n<\/div>\r\n\r\n<div id=\"column-69f5b6067de8a\" class=\" fw-col-sm-3       wow fadeInUp animated\" data-wow-offset=\"120\" data-wow-duration=\"1.5s\" style=\"  \">\r\n        <div class=\"fw-main-row\">\r\n        <div class=\"fw-col-inner\" style=\"padding: 0px 0px 0px 54px;\">\r\n            <p><span class=\"btn btn-gray\">M\u00faltiples paradas<\/span><\/p>        <\/div>\r\n    <\/div>\r\n\r\n\r\n<\/div>\r\n\r\n<div id=\"column-69f5b6067deff\" class=\" fw-col-sm-3       wow fadeInUp animated\" data-wow-offset=\"120\" data-wow-duration=\"1.5s\" style=\"  \">\r\n        <div class=\"fw-main-row\">\r\n        <div class=\"fw-col-inner\" style=\"padding: 0px 10px 0px 0px;\">\r\n            <p><span class=\"btn btn-default\">Hasta $75 usd de cr\u00e9dito<\/span><\/p>        <\/div>\r\n    <\/div>\r\n\r\n\r\n<\/div><\/div>\n\n        <\/div>\r\n    <\/div>\r\n<\/section>\r\n<\/div>\n","protected":false},"excerpt":{"rendered":"","protected":false},"author":4,"featured_media":640,"parent":0,"menu_order":0,"comment_status":"open","ping_status":"open","template":"template-full-width.php","meta":[],"_links":{"self":[{"href":"https:\/\/cancunshuttle.travel\/es\/wp-json\/wp\/v2\/pages\/638"}],"collection":[{"href":"https:\/\/cancunshuttle.travel\/es\/wp-json\/wp\/v2\/pages"}],"about":[{"href":"https:\/\/cancunshuttle.travel\/es\/wp-json\/wp\/v2\/types\/page"}],"author":[{"embeddable":true,"href":"https:\/\/cancunshuttle.travel\/es\/wp-json\/wp\/v2\/users\/4"}],"replies":[{"embeddable":true,"href":"https:\/\/cancunshuttle.travel\/es\/wp-json\/wp\/v2\/comments?post=638"}],"version-history":[{"count":0,"href":"https:\/\/cancunshuttle.travel\/es\/wp-json\/wp\/v2\/pages\/638\/revisions"}],"wp:featuredmedia":[{"embeddable":true,"href":"https:\/\/cancunshuttle.travel\/es\/wp-json\/wp\/v2\/media\/640"}],"wp:attachment":[{"href":"https:\/\/cancunshuttle.travel\/es\/wp-json\/wp\/v2\/media?parent=638"}],"curies":[{"name":"wp","href":"https:\/\/api.w.org\/{rel}","templated":true}]}}