{"id":569,"date":"2015-08-14T21:02:18","date_gmt":"2015-08-14T21:02:18","guid":{"rendered":"http:\/\/cancunshuttle.travel\/?page_id=569"},"modified":"2020-02-20T20:27:51","modified_gmt":"2020-02-20T20:27:51","slug":"servicio-de-taxi","status":"publish","type":"page","link":"https:\/\/cancunshuttle.travel\/es\/servicio-de-taxi\/","title":{"rendered":"Servicio de taxi"},"content":{"rendered":"<div class=\"fw-page-builder-content\"><section  id=\"section-69e7803e81e6d\" class=\"fw-main-row   auto \"  style=\"  \"  >\r\n    <div >\r\n        <div class=\"fw-container sections\">\r\n            <div class=\"fw-row\">\n\t\r\n\r\n<div id=\"column-69e7803e8203d\" class=\" fw-col-sm-6       wow fadeInUp animated\" data-wow-offset=\"120\" data-wow-duration=\"1.5s\" style=\"  \">\r\n        <div class=\"fw-main-row\">\r\n        <div class=\"fw-col-inner\" >\r\n            <h2 class=\"p1\"><span class=\"s1\">\u00bfEn que consiste el servicio de taxi<\/span><span class=\"s1\">\u00a0de Cancun shuttle?<\/span><\/h2><p>Cancunshuttle.travel es el\u00a0<strong>proveedor autorizado<\/strong>\u00a0de transporte desde y hasta el aeropuerto de Canc\u00fan. Este es el servicio es el m\u00e1s econ\u00f3mico\u00a0que\u00a0encontrar\u00e1\u00a0para su transportaci\u00f3n al llegar al mar Caribe.<\/p><p>El servicio de taxi es ideal para los pasajeros que buscan un <strong>transfer econ\u00f3mico y r\u00e1pido<\/strong>. El precio es el mismo de 1 a 4 personas. Todas nuestras unidades cuentan con<strong>\u00a0A \/ C<\/strong>, un conductor profesional biling\u00fce, rastreo del vuelo (s\u00f3lo a la llegada) e incluye todos los impuestos y tasas del aeropuerto.<\/p><p>Usted tendr\u00e1 una c\u00e1lida bienvenida en el aeropuerto con un cartel personalizado, servicio puerta a puerta en Canc\u00fan y la Riviera Maya, el servicio ser\u00e1 conforme al orden de llegada y es posible que usted\u00a0comparta el veh\u00edculo con alg\u00fan otro feliz viajero.<\/p>        <\/div>\r\n    <\/div>\r\n\r\n\r\n<\/div>\r\n\r\n<div id=\"column-69e7803e82125\" class=\" fw-col-sm-6       wow fadeInUp animated\" data-wow-offset=\"120\" data-wow-duration=\"1.5s\" style=\"  \">\r\n        <div class=\"fw-main-row\">\r\n        <div class=\"fw-col-inner\" >\r\n            <div class=\"fw-single-image \" >\r\n\t\t    <img src=\"\/\/cancunshuttle.travel\/es\/wp-content\/uploads\/sites\/2\/2015\/08\/economical-service-cancun-shuttle.png\" class=\"img-responsive\" alt=\"\"  \/>\r\n\t<\/div><div class=\"fw-divider-space space-md\"  ><\/div>\r\n\r\n\r\n\t<div class=\"text-center\"><a href=\"http:\/\/cancunshuttle.travel\/es\/\" target=\"_self\"  class=\"btn btn-default\" title=\"\u00a1Reserva ya!\">\r\n\t\t \u00a1Reserva ya!\t<\/a>\r\n\t<\/div>        <\/div>\r\n    <\/div>\r\n\r\n\r\n<\/div><\/div>\n\n<div class=\"fw-row\">\n\t\r\n\r\n<div id=\"column-69e7803e8233d\" class=\" fw-col-sm-12       wow fadeInUp animated\" data-wow-offset=\"120\" data-wow-duration=\"1.5s\" style=\"  \">\r\n        <div class=\"fw-main-row\">\r\n        <div class=\"fw-col-inner\" >\r\n            <h2>\u00bfPor qu\u00e9 elegir el servicio de taxi de Cancun shuttle?<\/h2><p>El servicio de taxi tambi\u00e9n <strong>incluye agua fr\u00eda<\/strong>\u00a0a bordo (s\u00f3lo a la llegada ) y se puede obtener\u00a0<strong>hasta $75 usd en cr\u00e9dito para paseos y excursiones en la zona<\/strong>. Una incre\u00edble oportunidad para que pueda visitar alg\u00fan cenote cercano o quiz\u00e1 el Museo Maya.<\/p><p>La comodidad de poder reservar desde su celular o computadora le ofrece tiempo para planear bien su llegada y el tipo de servicio que desea para su transportaci\u00f3n.<\/p><p>El servicio de taxi es ideal para familias chicas o grupos de amigos peque\u00f1os, donde usted contar\u00e1 con todas las comodidades y servicios necesarios para que llegue a su hotel con su familia, todo su equipaje y una sonrisa mientras se prepara para disfrutar de sus incre\u00edbles vacaciones en Canc\u00fan o la Riviera Maya.<\/p>        <\/div>\r\n    <\/div>\r\n\r\n\r\n<\/div><\/div>\n\n<div class=\"fw-row\">\n\t\r\n\r\n<div id=\"column-69e7803e823f4\" class=\" fw-col-sm-3       wow fadeInUp animated\" data-wow-offset=\"120\" data-wow-duration=\"1.5s\" style=\"  \">\r\n        <div class=\"fw-main-row\">\r\n        <div class=\"fw-col-inner\" >\r\n            <p><span class=\"btn btn-gray\">Seguro de Cobertura Amplia<\/span><\/p>        <\/div>\r\n    <\/div>\r\n\r\n\r\n<\/div>\r\n\r\n<div id=\"column-69e7803e8244e\" class=\" fw-col-sm-3       wow fadeInUp animated\" data-wow-offset=\"120\" data-wow-duration=\"1.5s\" style=\"  \">\r\n        <div class=\"fw-main-row\">\r\n        <div class=\"fw-col-inner\" style=\"padding: 0px 0px 0px 80px;\">\r\n            <p><span class=\"btn btn-default\">Servicio 24\/7<\/span><\/p>        <\/div>\r\n    <\/div>\r\n\r\n\r\n<\/div>\r\n\r\n<div id=\"column-69e7803e8249f\" class=\" fw-col-sm-3       wow fadeInUp animated\" data-wow-offset=\"120\" data-wow-duration=\"1.5s\" style=\"  \">\r\n        <div class=\"fw-main-row\">\r\n        <div class=\"fw-col-inner\" >\r\n            <p><span class=\"btn btn-gray\">Hasta $75 usd de cr\u00e9dito<\/span><\/p>        <\/div>\r\n    <\/div>\r\n\r\n\r\n<\/div>\r\n\r\n<div id=\"column-69e7803e824ec\" class=\" fw-col-sm-3       wow fadeInUp animated\" data-wow-offset=\"120\" data-wow-duration=\"1.5s\" style=\"  \">\r\n        <div class=\"fw-main-row\">\r\n        <div class=\"fw-col-inner\" style=\"padding: 0px 0px 0px 38px;\">\r\n            <p><span class=\"btn btn-default\">Hasta 4 personas<\/span><\/p>        <\/div>\r\n    <\/div>\r\n\r\n\r\n<\/div><\/div>\n\n        <\/div>\r\n    <\/div>\r\n<\/section>\r\n<\/div>\n","protected":false},"excerpt":{"rendered":"","protected":false},"author":4,"featured_media":581,"parent":0,"menu_order":0,"comment_status":"open","ping_status":"open","template":"template-full-width.php","meta":[],"_links":{"self":[{"href":"https:\/\/cancunshuttle.travel\/es\/wp-json\/wp\/v2\/pages\/569"}],"collection":[{"href":"https:\/\/cancunshuttle.travel\/es\/wp-json\/wp\/v2\/pages"}],"about":[{"href":"https:\/\/cancunshuttle.travel\/es\/wp-json\/wp\/v2\/types\/page"}],"author":[{"embeddable":true,"href":"https:\/\/cancunshuttle.travel\/es\/wp-json\/wp\/v2\/users\/4"}],"replies":[{"embeddable":true,"href":"https:\/\/cancunshuttle.travel\/es\/wp-json\/wp\/v2\/comments?post=569"}],"version-history":[{"count":0,"href":"https:\/\/cancunshuttle.travel\/es\/wp-json\/wp\/v2\/pages\/569\/revisions"}],"wp:featuredmedia":[{"embeddable":true,"href":"https:\/\/cancunshuttle.travel\/es\/wp-json\/wp\/v2\/media\/581"}],"wp:attachment":[{"href":"https:\/\/cancunshuttle.travel\/es\/wp-json\/wp\/v2\/media?parent=569"}],"curies":[{"name":"wp","href":"https:\/\/api.w.org\/{rel}","templated":true}]}}