{"id":1568,"date":"2015-09-02T17:23:55","date_gmt":"2015-09-02T17:23:55","guid":{"rendered":"http:\/\/cancunshuttle.travel\/?page_id=1568"},"modified":"2020-02-06T15:14:54","modified_gmt":"2020-02-06T15:14:54","slug":"programa-de-agentes-de-viajes-afiliados","status":"publish","type":"page","link":"https:\/\/cancunshuttle.travel\/es\/programa-de-agentes-de-viajes-afiliados\/","title":{"rendered":"Programa de Agentes de Viajes Afiliados"},"content":{"rendered":"<div class=\"fw-page-builder-content\"><section  id=\"section-69fea04378c62\" class=\"fw-main-row   auto \"  style=\"  \"  >\r\n    <div >\r\n        <div class=\"fw-container sections\">\r\n            <div class=\"fw-row\">\n\t\r\n\r\n<div id=\"column-69fea0437904d\" class=\" fw-col-sm-12      fw-col-no-padding wow fadeInUp animated\" data-wow-offset=\"120\" data-wow-duration=\"1.5s\" style=\"  \">\r\n        <div class=\"fw-main-row\">\r\n        <div class=\"fw-col-inner\" >\r\n            <p>Contamos con un Programa de Agentes de Viajes Afiliados, este programa ofrece interesantes beneficios a los Afiliados, ya que al convertirse en un Agente afiliado de viajes de CancunShuttle.travel tendr\u00e1 precios competitivos, los mejores servicios, las mejores flotillas de transportacion de y hasta el Aeropuerto de Canc\u00fan. <\/p><p>El sistema de reservaci\u00f3n en l\u00ednea y la plataforma web f\u00e1cil y en tiempo real permitir\u00e1 programar con las tarifas finales y con una satisfacci\u00f3n del 100%, ademas de servicios garantizados.<\/p>        <\/div>\r\n    <\/div>\r\n\r\n\r\n<\/div><\/div>\n\n<div class=\"fw-row\">\n\t\r\n\r\n<div id=\"column-69fea0437924b\" class=\" fw-col-sm-12      fw-col-no-padding wow fadeInUp animated\" data-wow-offset=\"120\" data-wow-duration=\"1.5s\" style=\"  \">\r\n        <div class=\"fw-main-row\">\r\n        <div class=\"fw-col-inner\" style=\"padding: 0px 23px 0px 15px;\">\r\n            \r\n<div class=\"fw-heading fw-heading-h2 fw-heading-center   wow fadeIn animated\" data-wow-offset=\"120\" data-wow-duration=\"1.5s\" style=\" color:\">\r\n\t    <div class=\"\"><h2 class='fw-special-title'>Formulario de Agentes de Viajes Afiliados<\/h2><\/div>\r\n\r\n\t\r\n\t\t\t<span class=\"underline\">&nbsp;<\/span>\r\n\t\r\n\r\n<\/div><div class=\"contact fw-contact-form\">\r\n    <div class=\"fw-row wrap-forms wrap-contact-forms wow rollIn animated contact-form\" data-wow-offset=\"10\" data-wow-duration=\"1.55s\">\r\n        <form data-fw-form-id=\"fw_form\" method=\"post\" action=\"https:\/\/cancunshuttle.travel\/es\/wp-json\/wp\/v2\/pages\/1568\" class=\"fw_form_fw_form\" data-fw-ext-forms-type=\"contact-forms\"  ><input type=\"hidden\" name=\"fwf\" value=\"fw_form\" \/><input type=\"hidden\" id=\"_nonce_267dfc39029fbee9d753265716df590e\" name=\"_nonce_267dfc39029fbee9d753265716df590e\" value=\"3a720da87d\" \/><input type=\"hidden\" name=\"_wp_http_referer\" value=\"\/es\/wp-json\/wp\/v2\/pages\/1568\" \/><input type=\"hidden\" name=\"fw_ext_forms_form_type\" value=\"contact-forms\" \/><input type=\"hidden\" name=\"fw_ext_forms_form_id\" value=\"contact-form-55ce1635b9d24\" \/>\r\n<div class=\"fw-row\"><\/div><div class=\"fw-row\"><div class=\"fw-col-xs-12 fw-col-sm-6 form-builder-item\">\r\n    <div class=\"field-text\">\r\n                    <label for=\"id-1\">Nombre de la Agencia                <sup>*<\/sup>            <\/label>\r\n                <input class=\"form-control\" type=\"text\" name=\"text_9675651\" placeholder=\"\" value=\"\" id=\"id-1\" required=\"required\" >\r\n            <\/div>\r\n<\/div><div class=\"fw-col-xs-12 fw-col-sm-6 form-builder-item\">\r\n    <div class=\"field-text\">\r\n                    <label for=\"id-2\">Nombre del contacto                <sup>*<\/sup>            <\/label>\r\n                <input class=\"form-control\" type=\"text\" name=\"text_f7f7a98\" placeholder=\"\" value=\"\" id=\"id-2\" required=\"required\" >\r\n            <\/div>\r\n<\/div><\/div><div class=\"fw-row\"><div class=\"fw-col-xs-12 fw-col-sm-6 form-builder-item\">\r\n\t<div class=\"field-text\">\r\n                    <label for=\"id-3\">N\u00famero telef\u00f3nico                <sup>*<\/sup>            <\/label>\r\n        \t\t<input class=\"form-control\" type=\"text\" name=\"number_142a660\" placeholder=\"\" value=\"\" id=\"id-3\" required=\"required\" >\r\n\t\t\t<\/div>\r\n<\/div><div class=\"fw-col-xs-12 fw-col-sm-6 form-builder-item\">\r\n\t<div class=\"field-text\">\r\n                    <label for=\"id-4\">Correo electr\u00f3nico                <sup>*<\/sup>            <\/label>\r\n        \t\t<input class=\"form-control\" type=\"text\" name=\"email_a9a41b7\" placeholder=\"\" value=\"\" id=\"id-4\" required=\"required\" >\r\n\t\t\t<\/div>\r\n<\/div><\/div><div class=\"fw-row\"><div class=\"fw-col-xs-12 form-builder-item\">\r\n    <div class=\"field-text\">\r\n                    <label for=\"id-5\">Direcci\u00f3n                <sup>*<\/sup>            <\/label>\r\n                <input class=\"form-control\" type=\"text\" name=\"text_a520508\" placeholder=\"\" value=\"\" id=\"id-5\" required=\"required\" >\r\n            <\/div>\r\n<\/div><\/div><div class=\"fw-row\"><\/div><div class=\"fw-col-sm-12 field-submit text-center\">\r\n\t<input type=\"submit\" class=\"default btn submit-message\"  value=\"Enviar\">\r\n\t\r\n\r\n<\/div><\/form>    <\/div>\r\n<\/div>        <\/div>\r\n    <\/div>\r\n\r\n\r\n<\/div><\/div>\n\n        <\/div>\r\n    <\/div>\r\n<\/section>\r\n<\/div>\n","protected":false},"excerpt":{"rendered":"","protected":false},"author":4,"featured_media":0,"parent":0,"menu_order":0,"comment_status":"closed","ping_status":"closed","template":"template-full-width.php","meta":[],"_links":{"self":[{"href":"https:\/\/cancunshuttle.travel\/es\/wp-json\/wp\/v2\/pages\/1568"}],"collection":[{"href":"https:\/\/cancunshuttle.travel\/es\/wp-json\/wp\/v2\/pages"}],"about":[{"href":"https:\/\/cancunshuttle.travel\/es\/wp-json\/wp\/v2\/types\/page"}],"author":[{"embeddable":true,"href":"https:\/\/cancunshuttle.travel\/es\/wp-json\/wp\/v2\/users\/4"}],"replies":[{"embeddable":true,"href":"https:\/\/cancunshuttle.travel\/es\/wp-json\/wp\/v2\/comments?post=1568"}],"version-history":[{"count":0,"href":"https:\/\/cancunshuttle.travel\/es\/wp-json\/wp\/v2\/pages\/1568\/revisions"}],"wp:attachment":[{"href":"https:\/\/cancunshuttle.travel\/es\/wp-json\/wp\/v2\/media?parent=1568"}],"curies":[{"name":"wp","href":"https:\/\/api.w.org\/{rel}","templated":true}]}}